{"id":91,"date":"2025-10-31T05:55:54","date_gmt":"2025-10-31T04:55:54","guid":{"rendered":"https:\/\/jjtradingmetals.com\/?page_id=91"},"modified":"2025-11-19T05:13:01","modified_gmt":"2025-11-19T04:13:01","slug":"minerals","status":"publish","type":"page","link":"https:\/\/jjtradingmetals.com\/es\/minerals\/","title":{"rendered":"Minerales"},"content":{"rendered":"<div data-elementor-type=\"wp-page\" data-elementor-id=\"91\" class=\"elementor elementor-91\">\n\t\t\t\t<div class=\"elementor-element elementor-element-7d729fd e-grid e-con-boxed e-con e-parent\" data-id=\"7d729fd\" data-element_type=\"container\" data-e-type=\"container\">\n\t\t\t\t\t<div class=\"e-con-inner\">\n\t\t\t\t<div class=\"elementor-element elementor-element-b666890 cuadro_servicios_1 elementor-widget elementor-widget-text-editor\" data-id=\"b666890\" data-element_type=\"widget\" data-e-type=\"widget\" data-widget_type=\"text-editor.default\">\n\t\t\t\t\t\t\t\t\t<p><strong>1. Antimonio (Sb)<\/strong><\/p><p>Breve descripci\u00f3n: Mineral estrat\u00e9gico utilizado en la fabricaci\u00f3n de aleaciones, retardantes de llama, bater\u00edas y componentes electr\u00f3nicos.<\/p><p>Capacidad de producci\u00f3n: 400 toneladas diarias (TPD).<br \/>Origen: Minerales de yacimientos bolivianos.<br \/>Presentaci\u00f3n comercial: Concentrados y metales refinados.<br \/>Mercados destinatarios: Estados Unidos, Europa y Asia.<br \/>Valor diferenciador: Control de calidad, trazabilidad y cumplimiento de la normativa internacional.<\/p>\t\t\t\t\t\t\t\t<\/div>\n\t\t\t\t<div class=\"elementor-element elementor-element-29080de elementor-widget elementor-widget-image\" data-id=\"29080de\" data-element_type=\"widget\" data-e-type=\"widget\" data-widget_type=\"image.default\">\n\t\t\t\t\t\t\t\t\t\t\t\t\t\t\t<img fetchpriority=\"high\" decoding=\"async\" width=\"420\" height=\"280\" src=\"https:\/\/jjtradingmetals.com\/wp-content\/uploads\/2025\/11\/antimony-ore-pic.jpg\" class=\"attachment-large size-large wp-image-130\" alt=\"Imagen Antimonio\" srcset=\"https:\/\/jjtradingmetals.com\/wp-content\/uploads\/2025\/11\/antimony-ore-pic.jpg 420w, https:\/\/jjtradingmetals.com\/wp-content\/uploads\/2025\/11\/antimony-ore-pic-300x200.jpg 300w, https:\/\/jjtradingmetals.com\/wp-content\/uploads\/2025\/11\/antimony-ore-pic-18x12.jpg 18w\" sizes=\"(max-width: 420px) 100vw, 420px\" \/>\t\t\t\t\t\t\t\t\t\t\t\t\t\t\t<\/div>\n\t\t\t\t\t<\/div>\n\t\t\t\t<\/div>\n\t\t<div class=\"elementor-element elementor-element-d42ef46 e-grid e-con-boxed e-con e-parent\" data-id=\"d42ef46\" data-element_type=\"container\" data-e-type=\"container\">\n\t\t\t\t\t<div class=\"e-con-inner\">\n\t\t\t\t<div class=\"elementor-element elementor-element-ff631e9 elementor-widget elementor-widget-image\" data-id=\"ff631e9\" data-element_type=\"widget\" data-e-type=\"widget\" data-widget_type=\"image.default\">\n\t\t\t\t\t\t\t\t\t\t\t\t\t\t\t<img decoding=\"async\" width=\"275\" height=\"183\" src=\"https:\/\/jjtradingmetals.com\/wp-content\/uploads\/2025\/11\/mineral_oro.jpeg\" class=\"attachment-large size-large wp-image-146\" alt=\"\" srcset=\"https:\/\/jjtradingmetals.com\/wp-content\/uploads\/2025\/11\/mineral_oro.jpeg 275w, https:\/\/jjtradingmetals.com\/wp-content\/uploads\/2025\/11\/mineral_oro-18x12.jpeg 18w\" sizes=\"(max-width: 275px) 100vw, 275px\" \/>\t\t\t\t\t\t\t\t\t\t\t\t\t\t\t<\/div>\n\t\t\t\t<div class=\"elementor-element elementor-element-7a44baa cuadro_servicios_1 elementor-widget elementor-widget-text-editor\" data-id=\"7a44baa\" data-element_type=\"widget\" data-e-type=\"widget\" data-widget_type=\"text-editor.default\">\n\t\t\t\t\t\t\t\t\t<p><strong>2. Oro (Au)<\/strong><\/p><p>Breve descripci\u00f3n: Metal precioso de gran pureza utilizado en los sectores de la joyer\u00eda, la inversi\u00f3n y la tecnolog\u00eda.<br \/>Origen: Procesos certificados que garantizan su abastecimiento responsable.<br \/>Presentaci\u00f3n comercial: Lingotes de oro o concentrado, seg\u00fan las necesidades del cliente.<br \/>Mercados destinatarios: Principalmente Estados Unidos y Europa.<br \/>Valor diferenciador: Cumplimiento de las normas de sostenibilidad y comercio \u00e9tico.<\/p>\t\t\t\t\t\t\t\t<\/div>\n\t\t\t\t\t<\/div>\n\t\t\t\t<\/div>\n\t\t<div class=\"elementor-element elementor-element-91a67f1 e-grid e-con-boxed e-con e-parent\" data-id=\"91a67f1\" data-element_type=\"container\" data-e-type=\"container\">\n\t\t\t\t\t<div class=\"e-con-inner\">\n\t\t\t\t<div class=\"elementor-element elementor-element-45a338f cuadro_servicios_1 elementor-widget elementor-widget-text-editor\" data-id=\"45a338f\" data-element_type=\"widget\" data-e-type=\"widget\" data-widget_type=\"text-editor.default\">\n\t\t\t\t\t\t\t\t\t<p><strong>3. Complejos de plomo, plata y zinc<\/strong><\/p><p>Breve descripci\u00f3n: Concentrados polimet\u00e1licos con alto contenido en plomo, plata y zinc, utilizados en la industria metal\u00fargica y de bater\u00edas.<br \/>Origen: Zonas mineras del altiplano boliviano.<br \/>Presentaci\u00f3n comercial: Concentrado seco.<br \/>Capacidad: Exportaciones regulares a mercados industriales internacionales.<br \/>Valor diferenciador: Control de pureza y normas de exportaci\u00f3n certificadas.<\/p>\t\t\t\t\t\t\t\t<\/div>\n\t\t\t\t<div class=\"elementor-element elementor-element-5aa0974 elementor-widget elementor-widget-image\" data-id=\"5aa0974\" data-element_type=\"widget\" data-e-type=\"widget\" data-widget_type=\"image.default\">\n\t\t\t\t\t\t\t\t\t\t\t\t\t\t\t<img decoding=\"async\" width=\"1024\" height=\"625\" src=\"https:\/\/jjtradingmetals.com\/wp-content\/uploads\/2025\/11\/Zinc_mineral-1024x625.jpg\" class=\"attachment-large size-large wp-image-147\" alt=\"Zinc_mineral\" srcset=\"https:\/\/jjtradingmetals.com\/wp-content\/uploads\/2025\/11\/Zinc_mineral-1024x625.jpg 1024w, https:\/\/jjtradingmetals.com\/wp-content\/uploads\/2025\/11\/Zinc_mineral-300x183.jpg 300w, https:\/\/jjtradingmetals.com\/wp-content\/uploads\/2025\/11\/Zinc_mineral-768x469.jpg 768w, https:\/\/jjtradingmetals.com\/wp-content\/uploads\/2025\/11\/Zinc_mineral-18x12.jpg 18w, https:\/\/jjtradingmetals.com\/wp-content\/uploads\/2025\/11\/Zinc_mineral.jpg 1200w\" sizes=\"(max-width: 1024px) 100vw, 1024px\" \/>\t\t\t\t\t\t\t\t\t\t\t\t\t\t\t<\/div>\n\t\t\t\t\t<\/div>\n\t\t\t\t<\/div>\n\t\t<div class=\"elementor-element elementor-element-2b148ab e-grid e-con-boxed e-con e-parent\" data-id=\"2b148ab\" data-element_type=\"container\" data-e-type=\"container\">\n\t\t\t\t\t<div class=\"e-con-inner\">\n\t\t\t\t<div class=\"elementor-element elementor-element-488e09b elementor-widget elementor-widget-image\" data-id=\"488e09b\" data-element_type=\"widget\" data-e-type=\"widget\" data-widget_type=\"image.default\">\n\t\t\t\t\t\t\t\t\t\t\t\t\t\t\t<img loading=\"lazy\" decoding=\"async\" width=\"540\" height=\"341\" src=\"https:\/\/jjtradingmetals.com\/wp-content\/uploads\/2025\/11\/estano_mineral.jpg\" class=\"attachment-large size-large wp-image-153\" alt=\"Tin Mineral\" srcset=\"https:\/\/jjtradingmetals.com\/wp-content\/uploads\/2025\/11\/estano_mineral.jpg 540w, https:\/\/jjtradingmetals.com\/wp-content\/uploads\/2025\/11\/estano_mineral-300x189.jpg 300w, https:\/\/jjtradingmetals.com\/wp-content\/uploads\/2025\/11\/estano_mineral-18x12.jpg 18w\" sizes=\"(max-width: 540px) 100vw, 540px\" \/>\t\t\t\t\t\t\t\t\t\t\t\t\t\t\t<\/div>\n\t\t\t\t<div class=\"elementor-element elementor-element-a056149 cuadro_servicios_1 elementor-widget elementor-widget-text-editor\" data-id=\"a056149\" data-element_type=\"widget\" data-e-type=\"widget\" data-widget_type=\"text-editor.default\">\n\t\t\t\t\t\t\t\t\t<p><strong>4. Esta\u00f1o (Sn)<\/strong><\/p><p>Breve descripci\u00f3n: Metal esencial en la fabricaci\u00f3n de soldaduras, revestimientos y componentes electr\u00f3nicos.<br \/>Presentaci\u00f3n: Concentrado o forma met\u00e1lica, seg\u00fan se requiera.<br \/>Origen: Minerales bolivianos de alta calidad.<br \/>Valor diferenciador: Suministro fiable y procesos responsables.<\/p>\t\t\t\t\t\t\t\t<\/div>\n\t\t\t\t\t<\/div>\n\t\t\t\t<\/div>\n\t\t<div class=\"elementor-element elementor-element-72408a6 e-grid e-con-boxed e-con e-parent\" data-id=\"72408a6\" data-element_type=\"container\" data-e-type=\"container\">\n\t\t\t\t\t<div class=\"e-con-inner\">\n\t\t\t\t<div class=\"elementor-element elementor-element-2f64641 cuadro_servicios_1 elementor-widget elementor-widget-text-editor\" data-id=\"2f64641\" data-element_type=\"widget\" data-e-type=\"widget\" data-widget_type=\"text-editor.default\">\n\t\t\t\t\t\t\t\t\t<p><strong>5. Cromo (Ore)<\/strong><\/p><p>Breve descripci\u00f3n: El cromo es un mineral esencial para las industrias metal\u00fargica y qu\u00edmica, ampliamente utilizado en la producci\u00f3n de aceros inoxidables, aleaciones de alta resistencia y recubrimientos anticorrosivos. Su demanda mundial sigue creciendo debido a su papel fundamental en la manufactura, la construcci\u00f3n y las industrias de alto rendimiento.<\/p>\t\t\t\t\t\t\t\t<\/div>\n\t\t\t\t<div class=\"elementor-element elementor-element-569c7a5 elementor-widget elementor-widget-image\" data-id=\"569c7a5\" data-element_type=\"widget\" data-e-type=\"widget\" data-widget_type=\"image.default\">\n\t\t\t\t\t\t\t\t\t\t\t\t\t\t\t<img loading=\"lazy\" decoding=\"async\" width=\"800\" height=\"577\" src=\"https:\/\/jjtradingmetals.com\/wp-content\/uploads\/2025\/11\/Chromite.jpg\" class=\"attachment-large size-large wp-image-278\" alt=\"\" srcset=\"https:\/\/jjtradingmetals.com\/wp-content\/uploads\/2025\/11\/Chromite.jpg 800w, https:\/\/jjtradingmetals.com\/wp-content\/uploads\/2025\/11\/Chromite-300x216.jpg 300w, https:\/\/jjtradingmetals.com\/wp-content\/uploads\/2025\/11\/Chromite-768x554.jpg 768w, https:\/\/jjtradingmetals.com\/wp-content\/uploads\/2025\/11\/Chromite-18x12.jpg 18w\" sizes=\"(max-width: 800px) 100vw, 800px\" \/>\t\t\t\t\t\t\t\t\t\t\t\t\t\t\t<\/div>\n\t\t\t\t\t<\/div>\n\t\t\t\t<\/div>\n\t\t\t\t<\/div>","protected":false},"excerpt":{"rendered":"<p>1. Antimony (Sb) Brief description: A strategic mineral used in the manufacture of alloys, flame [&hellip;]<\/p>\n","protected":false},"author":1,"featured_media":0,"parent":0,"menu_order":0,"comment_status":"closed","ping_status":"closed","template":"","meta":{"footnotes":""},"class_list":["post-91","page","type-page","status-publish","hentry"],"_links":{"self":[{"href":"https:\/\/jjtradingmetals.com\/es\/wp-json\/wp\/v2\/pages\/91","targetHints":{"allow":["GET"]}}],"collection":[{"href":"https:\/\/jjtradingmetals.com\/es\/wp-json\/wp\/v2\/pages"}],"about":[{"href":"https:\/\/jjtradingmetals.com\/es\/wp-json\/wp\/v2\/types\/page"}],"author":[{"embeddable":true,"href":"https:\/\/jjtradingmetals.com\/es\/wp-json\/wp\/v2\/users\/1"}],"replies":[{"embeddable":true,"href":"https:\/\/jjtradingmetals.com\/es\/wp-json\/wp\/v2\/comments?post=91"}],"version-history":[{"count":31,"href":"https:\/\/jjtradingmetals.com\/es\/wp-json\/wp\/v2\/pages\/91\/revisions"}],"predecessor-version":[{"id":284,"href":"https:\/\/jjtradingmetals.com\/es\/wp-json\/wp\/v2\/pages\/91\/revisions\/284"}],"wp:attachment":[{"href":"https:\/\/jjtradingmetals.com\/es\/wp-json\/wp\/v2\/media?parent=91"}],"curies":[{"name":"wp","href":"https:\/\/api.w.org\/{rel}","templated":true}]}}