{"id":84,"date":"2025-10-31T05:49:36","date_gmt":"2025-10-31T04:49:36","guid":{"rendered":"https:\/\/jjtradingmetals.com\/?page_id=84"},"modified":"2025-11-13T05:18:53","modified_gmt":"2025-11-13T04:18:53","slug":"services","status":"publish","type":"page","link":"https:\/\/jjtradingmetals.com\/es\/services\/","title":{"rendered":"Servicios"},"content":{"rendered":"<div data-elementor-type=\"wp-page\" data-elementor-id=\"84\" class=\"elementor elementor-84\">\n\t\t\t\t<div class=\"elementor-element elementor-element-9046ec5 e-grid e-con-boxed e-con e-parent\" data-id=\"9046ec5\" data-element_type=\"container\" data-e-type=\"container\">\n\t\t\t\t\t<div class=\"e-con-inner\">\n\t\t\t\t<div class=\"elementor-element elementor-element-776ccd9 cuadro_servicios_1 elementor-widget elementor-widget-text-editor\" data-id=\"776ccd9\" data-element_type=\"widget\" data-e-type=\"widget\" data-widget_type=\"text-editor.default\">\n\t\t\t\t\t\t\t\t\t<p><strong>1. Comercio de minerales<\/strong><\/p><p>Especialistas en la compraventa de antimonio, oro y otros minerales met\u00e1licos.<\/p><p>Centrado en la intermediaci\u00f3n (comercio) entre productores y compradores internacionales.<\/p><p>Act\u00faan como enlace comercial entre Bolivia y los mercados de Estados Unidos, Europa y Asia (China).<\/p>\t\t\t\t\t\t\t\t<\/div>\n\t\t\t\t<div class=\"elementor-element elementor-element-57c4b5f Imagen_servicios elementor-widget elementor-widget-image\" data-id=\"57c4b5f\" data-element_type=\"widget\" data-e-type=\"widget\" data-widget_type=\"image.default\">\n\t\t\t\t\t\t\t\t\t\t\t\t\t\t\t<img fetchpriority=\"high\" decoding=\"async\" width=\"600\" height=\"400\" src=\"https:\/\/jjtradingmetals.com\/wp-content\/uploads\/2025\/11\/minerales.webp\" class=\"attachment-large size-large wp-image-161\" alt=\"mineral_trading\" srcset=\"https:\/\/jjtradingmetals.com\/wp-content\/uploads\/2025\/11\/minerales.webp 600w, https:\/\/jjtradingmetals.com\/wp-content\/uploads\/2025\/11\/minerales-300x200.webp 300w, https:\/\/jjtradingmetals.com\/wp-content\/uploads\/2025\/11\/minerales-18x12.webp 18w\" sizes=\"(max-width: 600px) 100vw, 600px\" \/>\t\t\t\t\t\t\t\t\t\t\t\t\t\t\t<\/div>\n\t\t\t\t\t<\/div>\n\t\t\t\t<\/div>\n\t\t<div class=\"elementor-element elementor-element-31877b9 e-grid e-con-boxed e-con e-parent\" data-id=\"31877b9\" data-element_type=\"container\" data-e-type=\"container\">\n\t\t\t\t\t<div class=\"e-con-inner\">\n\t\t\t\t<div class=\"elementor-element elementor-element-e38736f Imagen_servicios elementor-widget elementor-widget-image\" data-id=\"e38736f\" data-element_type=\"widget\" data-e-type=\"widget\" data-widget_type=\"image.default\">\n\t\t\t\t\t\t\t\t\t\t\t\t\t\t\t<img decoding=\"async\" width=\"1024\" height=\"549\" src=\"https:\/\/jjtradingmetals.com\/wp-content\/uploads\/2025\/11\/Porto-Sudeste-1024x549.png\" class=\"attachment-large size-large wp-image-158\" alt=\"mineral_trading\" srcset=\"https:\/\/jjtradingmetals.com\/wp-content\/uploads\/2025\/11\/Porto-Sudeste-1024x549.png 1024w, https:\/\/jjtradingmetals.com\/wp-content\/uploads\/2025\/11\/Porto-Sudeste-300x161.png 300w, https:\/\/jjtradingmetals.com\/wp-content\/uploads\/2025\/11\/Porto-Sudeste-768x412.png 768w, https:\/\/jjtradingmetals.com\/wp-content\/uploads\/2025\/11\/Porto-Sudeste-18x10.png 18w, https:\/\/jjtradingmetals.com\/wp-content\/uploads\/2025\/11\/Porto-Sudeste.png 1100w\" sizes=\"(max-width: 1024px) 100vw, 1024px\" \/>\t\t\t\t\t\t\t\t\t\t\t\t\t\t\t<\/div>\n\t\t\t\t<div class=\"elementor-element elementor-element-aee4bc0 cuadro_servicios_1 elementor-widget elementor-widget-text-editor\" data-id=\"aee4bc0\" data-element_type=\"widget\" data-e-type=\"widget\" data-widget_type=\"text-editor.default\">\n\t\t\t\t\t\t\t\t\t<p><strong>2. Exportaci\u00f3n y log\u00edstica minera<\/strong><\/p><p>Coordinaci\u00f3n y gesti\u00f3n de las exportaciones de minerales conforme a la normativa boliviana e internacional.<\/p><p>Ellos tienen capacidad log\u00edstica y de producci\u00f3n:<\/p><p>Antimonio: 400 toneladas por d\u00eda (TPD).<\/p><p>Complejos de plomo, plata, zinc y esta\u00f1o.<\/p>\t\t\t\t\t\t\t\t<\/div>\n\t\t\t\t\t<\/div>\n\t\t\t\t<\/div>\n\t\t<div class=\"elementor-element elementor-element-660b5e2 e-grid e-con-boxed e-con e-parent\" data-id=\"660b5e2\" data-element_type=\"container\" data-e-type=\"container\">\n\t\t\t\t\t<div class=\"e-con-inner\">\n\t\t\t\t<div class=\"elementor-element elementor-element-b60a520 cuadro_servicios_1 elementor-widget elementor-widget-text-editor\" data-id=\"b60a520\" data-element_type=\"widget\" data-e-type=\"widget\" data-widget_type=\"text-editor.default\">\n\t\t\t\t\t\t\t\t\t<p><strong>3. Consultor\u00eda y gesti\u00f3n del comercio internacional<\/strong><\/p><p>Negociaci\u00f3n de contratos de compraventa de minerales.<\/p><p>Gesti\u00f3n de la documentaci\u00f3n y los requisitos de exportaci\u00f3n.<\/p><p>Asistencia a empresas o gobiernos interesados \u200b\u200ben adquirir minerales bolivianos.<\/p>\t\t\t\t\t\t\t\t<\/div>\n\t\t\t\t<div class=\"elementor-element elementor-element-d3f2135 Imagen_servicios elementor-widget elementor-widget-image\" data-id=\"d3f2135\" data-element_type=\"widget\" data-e-type=\"widget\" data-widget_type=\"image.default\">\n\t\t\t\t\t\t\t\t\t\t\t\t\t\t\t<img decoding=\"async\" width=\"750\" height=\"500\" src=\"https:\/\/jjtradingmetals.com\/wp-content\/uploads\/2025\/11\/comercio_minerales.jpg\" class=\"attachment-large size-large wp-image-162\" alt=\"comercio_minerales\" srcset=\"https:\/\/jjtradingmetals.com\/wp-content\/uploads\/2025\/11\/comercio_minerales.jpg 750w, https:\/\/jjtradingmetals.com\/wp-content\/uploads\/2025\/11\/comercio_minerales-300x200.jpg 300w, https:\/\/jjtradingmetals.com\/wp-content\/uploads\/2025\/11\/comercio_minerales-18x12.jpg 18w\" sizes=\"(max-width: 750px) 100vw, 750px\" \/>\t\t\t\t\t\t\t\t\t\t\t\t\t\t\t<\/div>\n\t\t\t\t\t<\/div>\n\t\t\t\t<\/div>\n\t\t<div class=\"elementor-element elementor-element-1b0eda6 e-grid e-con-boxed e-con e-parent\" data-id=\"1b0eda6\" data-element_type=\"container\" data-e-type=\"container\">\n\t\t\t\t\t<div class=\"e-con-inner\">\n\t\t\t\t<div class=\"elementor-element elementor-element-cdefa7c Imagen_servicios elementor-widget elementor-widget-image\" data-id=\"cdefa7c\" data-element_type=\"widget\" data-e-type=\"widget\" data-widget_type=\"image.default\">\n\t\t\t\t\t\t\t\t\t\t\t\t\t\t\t<img loading=\"lazy\" decoding=\"async\" width=\"507\" height=\"291\" src=\"https:\/\/jjtradingmetals.com\/wp-content\/uploads\/2025\/11\/sostenibilidad_minerales.jpg\" class=\"attachment-large size-large wp-image-163\" alt=\"sostenibilidad_minerales\" srcset=\"https:\/\/jjtradingmetals.com\/wp-content\/uploads\/2025\/11\/sostenibilidad_minerales.jpg 507w, https:\/\/jjtradingmetals.com\/wp-content\/uploads\/2025\/11\/sostenibilidad_minerales-300x172.jpg 300w, https:\/\/jjtradingmetals.com\/wp-content\/uploads\/2025\/11\/sostenibilidad_minerales-18x10.jpg 18w\" sizes=\"(max-width: 507px) 100vw, 507px\" \/>\t\t\t\t\t\t\t\t\t\t\t\t\t\t\t<\/div>\n\t\t\t\t<div class=\"elementor-element elementor-element-325f7f6 cuadro_servicios_1 elementor-widget elementor-widget-text-editor\" data-id=\"325f7f6\" data-element_type=\"widget\" data-e-type=\"widget\" data-widget_type=\"text-editor.default\">\n\t\t\t\t\t\t\t\t\t<p><strong>4. Cumplimiento normativo y sostenibilidad<\/strong><\/p><p>Ellos operan bajo la Ley 1333 (Medio Ambiente - Bolivia).<\/p><p>Implementan sistemas de gesti\u00f3n del agua, la energ\u00eda y las emisiones.<\/p><p>They participate in local community initiatives.<\/p>\t\t\t\t\t\t\t\t<\/div>\n\t\t\t\t\t<\/div>\n\t\t\t\t<\/div>\n\t\t<div class=\"elementor-element elementor-element-4a5e834 e-grid e-con-boxed e-con e-parent\" data-id=\"4a5e834\" data-element_type=\"container\" data-e-type=\"container\">\n\t\t\t\t\t<div class=\"e-con-inner\">\n\t\t\t\t<div class=\"elementor-element elementor-element-ef818f4 cuadro_servicios_1 elementor-widget elementor-widget-text-editor\" data-id=\"ef818f4\" data-element_type=\"widget\" data-e-type=\"widget\" data-widget_type=\"text-editor.default\">\n\t\t\t\t\t\t\t\t\t<p><strong>5. Posicionamiento y reputaci\u00f3n corporativa<\/strong><\/p><p>Centrados en construir una s\u00f3lida imagen corporativa con clientes internacionales.<\/p><p>Buscan diferenciarse por su singular integraci\u00f3n en la cadena de suministro y su compromiso con la responsabilidad ambiental.<\/p>\t\t\t\t\t\t\t\t<\/div>\n\t\t\t\t<div class=\"elementor-element elementor-element-035172e Imagen_servicios elementor-widget elementor-widget-image\" data-id=\"035172e\" data-element_type=\"widget\" data-e-type=\"widget\" data-widget_type=\"image.default\">\n\t\t\t\t\t\t\t\t\t\t\t\t\t\t\t<img loading=\"lazy\" decoding=\"async\" width=\"1024\" height=\"491\" src=\"https:\/\/jjtradingmetals.com\/wp-content\/uploads\/2025\/11\/planta_minerales-1024x491.jpg\" class=\"attachment-large size-large wp-image-165\" alt=\"planta_minerales\" srcset=\"https:\/\/jjtradingmetals.com\/wp-content\/uploads\/2025\/11\/planta_minerales-1024x491.jpg 1024w, https:\/\/jjtradingmetals.com\/wp-content\/uploads\/2025\/11\/planta_minerales-300x144.jpg 300w, https:\/\/jjtradingmetals.com\/wp-content\/uploads\/2025\/11\/planta_minerales-768x368.jpg 768w, https:\/\/jjtradingmetals.com\/wp-content\/uploads\/2025\/11\/planta_minerales-1536x736.jpg 1536w, https:\/\/jjtradingmetals.com\/wp-content\/uploads\/2025\/11\/planta_minerales-18x9.jpg 18w, https:\/\/jjtradingmetals.com\/wp-content\/uploads\/2025\/11\/planta_minerales.jpg 1920w\" sizes=\"(max-width: 1024px) 100vw, 1024px\" \/>\t\t\t\t\t\t\t\t\t\t\t\t\t\t\t<\/div>\n\t\t\t\t\t<\/div>\n\t\t\t\t<\/div>\n\t\t\t\t<\/div>","protected":false},"excerpt":{"rendered":"<p>1. Mineral Trading Specialists in the purchase and sale of antimony, gold, and other metallic [&hellip;]<\/p>\n","protected":false},"author":1,"featured_media":0,"parent":0,"menu_order":0,"comment_status":"closed","ping_status":"closed","template":"","meta":{"footnotes":""},"class_list":["post-84","page","type-page","status-publish","hentry"],"_links":{"self":[{"href":"https:\/\/jjtradingmetals.com\/es\/wp-json\/wp\/v2\/pages\/84","targetHints":{"allow":["GET"]}}],"collection":[{"href":"https:\/\/jjtradingmetals.com\/es\/wp-json\/wp\/v2\/pages"}],"about":[{"href":"https:\/\/jjtradingmetals.com\/es\/wp-json\/wp\/v2\/types\/page"}],"author":[{"embeddable":true,"href":"https:\/\/jjtradingmetals.com\/es\/wp-json\/wp\/v2\/users\/1"}],"replies":[{"embeddable":true,"href":"https:\/\/jjtradingmetals.com\/es\/wp-json\/wp\/v2\/comments?post=84"}],"version-history":[{"count":20,"href":"https:\/\/jjtradingmetals.com\/es\/wp-json\/wp\/v2\/pages\/84\/revisions"}],"predecessor-version":[{"id":274,"href":"https:\/\/jjtradingmetals.com\/es\/wp-json\/wp\/v2\/pages\/84\/revisions\/274"}],"wp:attachment":[{"href":"https:\/\/jjtradingmetals.com\/es\/wp-json\/wp\/v2\/media?parent=84"}],"curies":[{"name":"wp","href":"https:\/\/api.w.org\/{rel}","templated":true}]}}