{"id":76,"date":"2025-10-31T05:38:48","date_gmt":"2025-10-31T04:38:48","guid":{"rendered":"https:\/\/jjtradingmetals.com\/?page_id=76"},"modified":"2025-10-31T06:07:32","modified_gmt":"2025-10-31T05:07:32","slug":"about-us","status":"publish","type":"page","link":"https:\/\/jjtradingmetals.com\/es\/about-us\/","title":{"rendered":"Qui\u00e9nes somos"},"content":{"rendered":"<div data-elementor-type=\"wp-page\" data-elementor-id=\"76\" class=\"elementor elementor-76\">\n\t\t\t\t<div class=\"elementor-element elementor-element-69d25d9 e-flex e-con-boxed e-con e-parent\" data-id=\"69d25d9\" data-element_type=\"container\" data-e-type=\"container\">\n\t\t\t\t\t<div class=\"e-con-inner\">\n\t\t\t\t<div class=\"elementor-element elementor-element-fd94f77 elementor-widget elementor-widget-text-editor\" data-id=\"fd94f77\" data-element_type=\"widget\" data-e-type=\"widget\" data-widget_type=\"text-editor.default\">\n\t\t\t\t\t\t\t\t\t<p><strong>Qui\u00e9nes somos<\/strong><\/p><p>JJ Trading Metals LLC es una empresa boliviana dedicada al comercio internacional de minerales, especializada en antimonio, oro y concentrados polimet\u00e1licos.<\/p><p>Conectamos la riqueza mineral de Bolivia con los principales mercados del mundo, como Estados Unidos, Europa y Asia, garantizando operaciones seguras, eficientes y transparentes.<\/p><p><strong>Nuestra misi\u00f3n<\/strong><\/p><p>Ser l\u00edderes en el comercio responsable de minerales, brindando soluciones confiables y sostenibles a nuestros socios estrat\u00e9gicos, al tiempo que promovemos el desarrollo industrial y econ\u00f3mico de Bolivia.<\/p><p><strong>Nuestra visi\u00f3n<\/strong><\/p><p>Consolidar nuestra posici\u00f3n como empresa l\u00edder en el comercio internacional de minerales, reconocida por nuestra integridad, eficiencia log\u00edstica y compromiso con la sostenibilidad ambiental y social.<\/p><p><strong>Nuestros valores<\/strong><\/p><ul><li><strong>Transparencia:<\/strong> Relaciones comerciales basadas en la confianza y la \u00e9tica.<\/li><li><strong>Excelencia:<\/strong> Cumplimiento de las normas internacionales en materia de calidad y log\u00edstica.<\/li><li><strong>Responsabilidad:<\/strong> Commitment to environmental protection and the well-being of communities.<\/li><li><strong>Innovaci\u00f3n:<\/strong> Mejora continua de los procesos y la gesti\u00f3n empresarial.<\/li><\/ul><p><strong>\u00bfQu\u00e9 nos hace diferentes?<\/strong><\/p><p>Nos distinguimos por nuestra integraci\u00f3n \u00fanica dentro de la cadena de suministro minera, combinando capacidades log\u00edsticas, conocimiento del mercado internacional y un firme compromiso con la responsabilidad social y ambiental (Ley 1333 \u2013 Bolivia).<br \/>Nuestro equipo multidisciplinario gestiona cada etapa del proceso empresarial, garantizando la eficiencia, el cumplimiento normativo y la trazabilidad completa.<\/p><p><strong>Presencia internacional<\/strong><\/p><p>Con operaciones y alianzas estrat\u00e9gicas en Bolivia y Estados Unidos, estamos expandiendo nuestra red a los mercados europeos y asi\u00e1ticos, conectando a productores bolivianos con compradores globales a trav\u00e9s de pr\u00e1cticas responsables y sostenibles.<\/p><p><strong>Compromiso<\/strong><\/p><p>En JJ Trading Metals LLC, creemos que el futuro de la miner\u00eda reside en la sostenibilidad, la innovaci\u00f3n y la cooperaci\u00f3n global.<\/p><p>Cada una de nuestras operaciones refleja nuestro compromiso con la excelencia empresarial y la responsabilidad ambiental.<\/p>\t\t\t\t\t\t\t\t<\/div>\n\t\t\t\t\t<\/div>\n\t\t\t\t<\/div>\n\t\t\t\t<\/div>","protected":false},"excerpt":{"rendered":"<p>About Us JJ Trading Metals LLC is a Bolivian company dedicated to the international trading [&hellip;]<\/p>\n","protected":false},"author":1,"featured_media":0,"parent":0,"menu_order":0,"comment_status":"closed","ping_status":"closed","template":"","meta":{"footnotes":""},"class_list":["post-76","page","type-page","status-publish","hentry"],"_links":{"self":[{"href":"https:\/\/jjtradingmetals.com\/es\/wp-json\/wp\/v2\/pages\/76","targetHints":{"allow":["GET"]}}],"collection":[{"href":"https:\/\/jjtradingmetals.com\/es\/wp-json\/wp\/v2\/pages"}],"about":[{"href":"https:\/\/jjtradingmetals.com\/es\/wp-json\/wp\/v2\/types\/page"}],"author":[{"embeddable":true,"href":"https:\/\/jjtradingmetals.com\/es\/wp-json\/wp\/v2\/users\/1"}],"replies":[{"embeddable":true,"href":"https:\/\/jjtradingmetals.com\/es\/wp-json\/wp\/v2\/comments?post=76"}],"version-history":[{"count":7,"href":"https:\/\/jjtradingmetals.com\/es\/wp-json\/wp\/v2\/pages\/76\/revisions"}],"predecessor-version":[{"id":99,"href":"https:\/\/jjtradingmetals.com\/es\/wp-json\/wp\/v2\/pages\/76\/revisions\/99"}],"wp:attachment":[{"href":"https:\/\/jjtradingmetals.com\/es\/wp-json\/wp\/v2\/media?parent=76"}],"curies":[{"name":"wp","href":"https:\/\/api.w.org\/{rel}","templated":true}]}}