{"id":101,"date":"2025-10-31T06:11:24","date_gmt":"2025-10-31T05:11:24","guid":{"rendered":"https:\/\/jjtradingmetals.com\/?page_id=101"},"modified":"2025-10-31T06:15:00","modified_gmt":"2025-10-31T05:15:00","slug":"sustainability","status":"publish","type":"page","link":"https:\/\/jjtradingmetals.com\/es\/sustainability\/","title":{"rendered":"Sostenibilidad"},"content":{"rendered":"<div data-elementor-type=\"wp-page\" data-elementor-id=\"101\" class=\"elementor elementor-101\">\n\t\t\t\t<div class=\"elementor-element elementor-element-c7084f1 e-flex e-con-boxed e-con e-parent\" data-id=\"c7084f1\" data-element_type=\"container\" data-e-type=\"container\">\n\t\t\t\t\t<div class=\"e-con-inner\">\n\t\t\t\t<div class=\"elementor-element elementor-element-74dd182 elementor-widget elementor-widget-text-editor\" data-id=\"74dd182\" data-element_type=\"widget\" data-e-type=\"widget\" data-widget_type=\"text-editor.default\">\n\t\t\t\t\t\t\t\t\t<p><strong>Compromiso con la miner\u00eda responsable<\/strong><\/p><p>En JJ Trading Metals LLC, creemos que el desarrollo del sector minero debe ir de la mano con la protecci\u00f3n del medio ambiente y el progreso de las comunidades locales.<\/p><p>Nuestras operaciones se basan en principios de transparencia, eficiencia energ\u00e9tica y respeto por los recursos naturales.<\/p><p><strong>Gesti\u00f3n ambiental<\/strong><\/p><p>Cumplimos con la Ley Ambiental Boliviana 1333 e implementamos sistemas que optimizan el uso del agua, reducen el consumo de energ\u00eda y controlan las emisiones en todas las etapas del proceso empresarial.<\/p><p>Promovemos la gesti\u00f3n responsable de residuos y la trazabilidad de los materiales con los que comercializamos.<\/p><p><strong>Nuestras acciones incluyen:<\/strong><\/p><ul><li>Monitoreo del consumo de recursos naturales.<\/li><li>Control de emisiones y residuos industriales.<\/li><li>Evaluaci\u00f3n continua del impacto ambiental.<\/li><li>Mejora continua de los procesos log\u00edsticos sostenibles.<\/li><\/ul><p><strong>Responsabilidad social y comunitaria<\/strong><\/p><p>Creemos en la miner\u00eda que genera valor compartido.<\/p><p>Colaboramos con las comunidades locales para promover el trabajo decente, el desarrollo econ\u00f3mico y los programas de formaci\u00f3n t\u00e9cnica. Nuestro objetivo es contribuir al bienestar social y fortalecer la relaci\u00f3n entre la industria y la sociedad.<\/p><p><strong>\u00c1reas de acci\u00f3n social:<\/strong><\/p><ul><li>Programas de apoyo comunitario.<\/li><li>Promoci\u00f3n del desarrollo local y la empleabilidad.<\/li><li>Cooperaci\u00f3n con instituciones p\u00fablicas y privadas.<\/li><\/ul><p><strong>Gobernanza y \u00e9tica empresarial<\/strong><\/p><p>Nuestra pol\u00edtica de gesti\u00f3n se rige por principios \u00e9ticos, transparencia comercial y cumplimiento de las normativas internacionales.<br \/>Promovemos pr\u00e1cticas justas en la cadena de suministro y trabajamos \u00fanicamente con proveedores responsables que comparten nuestros valores ambientales y sociales.<\/p><p><strong>Compromiso futuro<\/strong><\/p><p>Aspiramos a certificar nuestros procesos bajo est\u00e1ndares internacionales (ISO, ESG y miner\u00eda responsable), consolidando nuestra posici\u00f3n como una empresa sostenible, confiable y orientada al largo plazo.<\/p>\t\t\t\t\t\t\t\t<\/div>\n\t\t\t\t\t<\/div>\n\t\t\t\t<\/div>\n\t\t\t\t<\/div>","protected":false},"excerpt":{"rendered":"<p>Commitment to Responsible Mining At JJ Trading Metals LLC, we believe that the development of [&hellip;]<\/p>\n","protected":false},"author":1,"featured_media":0,"parent":0,"menu_order":0,"comment_status":"closed","ping_status":"closed","template":"","meta":{"footnotes":""},"class_list":["post-101","page","type-page","status-publish","hentry"],"_links":{"self":[{"href":"https:\/\/jjtradingmetals.com\/es\/wp-json\/wp\/v2\/pages\/101","targetHints":{"allow":["GET"]}}],"collection":[{"href":"https:\/\/jjtradingmetals.com\/es\/wp-json\/wp\/v2\/pages"}],"about":[{"href":"https:\/\/jjtradingmetals.com\/es\/wp-json\/wp\/v2\/types\/page"}],"author":[{"embeddable":true,"href":"https:\/\/jjtradingmetals.com\/es\/wp-json\/wp\/v2\/users\/1"}],"replies":[{"embeddable":true,"href":"https:\/\/jjtradingmetals.com\/es\/wp-json\/wp\/v2\/comments?post=101"}],"version-history":[{"count":4,"href":"https:\/\/jjtradingmetals.com\/es\/wp-json\/wp\/v2\/pages\/101\/revisions"}],"predecessor-version":[{"id":105,"href":"https:\/\/jjtradingmetals.com\/es\/wp-json\/wp\/v2\/pages\/101\/revisions\/105"}],"wp:attachment":[{"href":"https:\/\/jjtradingmetals.com\/es\/wp-json\/wp\/v2\/media?parent=101"}],"curies":[{"name":"wp","href":"https:\/\/api.w.org\/{rel}","templated":true}]}}